{"id":168,"date":"2025-06-03T16:49:55","date_gmt":"2025-06-03T16:49:55","guid":{"rendered":"https:\/\/diannatura.com\/?post_type=product&#038;p=168"},"modified":"2025-06-03T16:52:35","modified_gmt":"2025-06-03T16:52:35","slug":"shampoo-romero-organico","status":"publish","type":"product","link":"https:\/\/diannatura.com\/?product=shampoo-romero-organico","title":{"rendered":"SHAMPOO &#8220;ROMERO ORG\u00c1NICO&#8221;"},"content":{"rendered":"<p>*Estimula el crecimiento y evita la ca\u00edda *Nutre la ra\u00edz y elimina la caspa *Repara puntas da\u00f1adas *Revitaliza, fortalece y abrillanta el cabello da\u00f1ado.<\/p>\n<p>INGREDIENTES: romero org\u00e1nico.<\/p>\n","protected":false},"excerpt":{"rendered":"<p>*Estimula el crecimiento y evita la ca\u00edda *Nutre la ra\u00edz y elimina la caspa *Repara puntas da\u00f1adas *Revitaliza, fortalece y abrillanta el cabello da\u00f1ado. INGREDIENTES: romero org\u00e1nico.<\/p>\n","protected":false},"featured_media":169,"comment_status":"open","ping_status":"closed","template":"","meta":[],"product_brand":[],"product_cat":[19],"product_tag":[26],"class_list":{"0":"post-168","1":"product","2":"type-product","3":"status-publish","4":"has-post-thumbnail","6":"product_cat-shampoo","7":"product_tag-anti-caida","9":"first","10":"instock","11":"shipping-taxable","12":"product-type-simple"},"yoast_head":"<!-- This site is optimized with the Yoast SEO plugin v27.1.1 - https:\/\/yoast.com\/product\/yoast-seo-wordpress\/ -->\n<title>SHAMPOO &quot;ROMERO ORG\u00c1NICO&quot; - Dian Natura<\/title>\n<meta name=\"robots\" content=\"index, follow, max-snippet:-1, max-image-preview:large, max-video-preview:-1\" \/>\n<link rel=\"canonical\" href=\"https:\/\/diannatura.com\/?product=shampoo-romero-organico\" \/>\n<meta property=\"og:locale\" content=\"es_MX\" \/>\n<meta property=\"og:type\" content=\"article\" \/>\n<meta property=\"og:title\" content=\"SHAMPOO &quot;ROMERO ORG\u00c1NICO&quot; - Dian Natura\" \/>\n<meta property=\"og:description\" content=\"*Estimula el crecimiento y evita la ca\u00edda *Nutre la ra\u00edz y elimina la caspa *Repara puntas da\u00f1adas *Revitaliza, fortalece y abrillanta el cabello da\u00f1ado. INGREDIENTES: romero org\u00e1nico.\" \/>\n<meta property=\"og:url\" content=\"https:\/\/diannatura.com\/?product=shampoo-romero-organico\" \/>\n<meta property=\"og:site_name\" content=\"Dian Natura\" \/>\n<meta property=\"article:modified_time\" content=\"2025-06-03T16:52:35+00:00\" \/>\n<meta property=\"og:image\" content=\"https:\/\/diannatura.com\/wp-content\/uploads\/2025\/06\/Shampoo-romero.png\" \/>\n\t<meta property=\"og:image:width\" content=\"800\" \/>\n\t<meta property=\"og:image:height\" content=\"800\" \/>\n\t<meta property=\"og:image:type\" content=\"image\/png\" \/>\n<meta name=\"twitter:card\" content=\"summary_large_image\" \/>\n<meta name=\"twitter:label1\" content=\"Tiempo de lectura\" \/>\n\t<meta name=\"twitter:data1\" content=\"1 minuto\" \/>\n<script type=\"application\/ld+json\" class=\"yoast-schema-graph\">{\"@context\":\"https:\/\/schema.org\",\"@graph\":[{\"@type\":\"WebPage\",\"@id\":\"https:\/\/diannatura.com\/?product=shampoo-romero-organico\",\"url\":\"https:\/\/diannatura.com\/?product=shampoo-romero-organico\",\"name\":\"SHAMPOO \\\"ROMERO ORG\u00c1NICO\\\" - Dian Natura\",\"isPartOf\":{\"@id\":\"https:\/\/diannatura.com\/#website\"},\"primaryImageOfPage\":{\"@id\":\"https:\/\/diannatura.com\/?product=shampoo-romero-organico#primaryimage\"},\"image\":{\"@id\":\"https:\/\/diannatura.com\/?product=shampoo-romero-organico#primaryimage\"},\"thumbnailUrl\":\"https:\/\/diannatura.com\/wp-content\/uploads\/2025\/06\/Shampoo-romero.png\",\"datePublished\":\"2025-06-03T16:49:55+00:00\",\"dateModified\":\"2025-06-03T16:52:35+00:00\",\"breadcrumb\":{\"@id\":\"https:\/\/diannatura.com\/?product=shampoo-romero-organico#breadcrumb\"},\"inLanguage\":\"es\",\"potentialAction\":[{\"@type\":\"ReadAction\",\"target\":[\"https:\/\/diannatura.com\/?product=shampoo-romero-organico\"]}]},{\"@type\":\"ImageObject\",\"inLanguage\":\"es\",\"@id\":\"https:\/\/diannatura.com\/?product=shampoo-romero-organico#primaryimage\",\"url\":\"https:\/\/diannatura.com\/wp-content\/uploads\/2025\/06\/Shampoo-romero.png\",\"contentUrl\":\"https:\/\/diannatura.com\/wp-content\/uploads\/2025\/06\/Shampoo-romero.png\",\"width\":800,\"height\":800},{\"@type\":\"BreadcrumbList\",\"@id\":\"https:\/\/diannatura.com\/?product=shampoo-romero-organico#breadcrumb\",\"itemListElement\":[{\"@type\":\"ListItem\",\"position\":1,\"name\":\"Inicio\",\"item\":\"https:\/\/diannatura.com\/\"},{\"@type\":\"ListItem\",\"position\":2,\"name\":\"Tienda\",\"item\":\"https:\/\/diannatura.com\/?page_id=6\"},{\"@type\":\"ListItem\",\"position\":3,\"name\":\"SHAMPOO &#8220;ROMERO ORG\u00c1NICO&#8221;\"}]},{\"@type\":\"WebSite\",\"@id\":\"https:\/\/diannatura.com\/#website\",\"url\":\"https:\/\/diannatura.com\/\",\"name\":\"Dian Natura\",\"description\":\"\",\"publisher\":{\"@id\":\"https:\/\/diannatura.com\/#organization\"},\"potentialAction\":[{\"@type\":\"SearchAction\",\"target\":{\"@type\":\"EntryPoint\",\"urlTemplate\":\"https:\/\/diannatura.com\/?s={search_term_string}\"},\"query-input\":{\"@type\":\"PropertyValueSpecification\",\"valueRequired\":true,\"valueName\":\"search_term_string\"}}],\"inLanguage\":\"es\"},{\"@type\":\"Organization\",\"@id\":\"https:\/\/diannatura.com\/#organization\",\"name\":\"Dian Natura\",\"url\":\"https:\/\/diannatura.com\/\",\"logo\":{\"@type\":\"ImageObject\",\"inLanguage\":\"es\",\"@id\":\"https:\/\/diannatura.com\/#\/schema\/logo\/image\/\",\"url\":\"https:\/\/diannatura.com\/wp-content\/uploads\/2023\/04\/logo.png\",\"contentUrl\":\"https:\/\/diannatura.com\/wp-content\/uploads\/2023\/04\/logo.png\",\"width\":4219,\"height\":3585,\"caption\":\"Dian Natura\"},\"image\":{\"@id\":\"https:\/\/diannatura.com\/#\/schema\/logo\/image\/\"}}]}<\/script>\n<!-- \/ Yoast SEO plugin. -->","yoast_head_json":{"title":"SHAMPOO \"ROMERO ORG\u00c1NICO\" - Dian Natura","robots":{"index":"index","follow":"follow","max-snippet":"max-snippet:-1","max-image-preview":"max-image-preview:large","max-video-preview":"max-video-preview:-1"},"canonical":"https:\/\/diannatura.com\/?product=shampoo-romero-organico","og_locale":"es_MX","og_type":"article","og_title":"SHAMPOO \"ROMERO ORG\u00c1NICO\" - Dian Natura","og_description":"*Estimula el crecimiento y evita la ca\u00edda *Nutre la ra\u00edz y elimina la caspa *Repara puntas da\u00f1adas *Revitaliza, fortalece y abrillanta el cabello da\u00f1ado. INGREDIENTES: romero org\u00e1nico.","og_url":"https:\/\/diannatura.com\/?product=shampoo-romero-organico","og_site_name":"Dian Natura","article_modified_time":"2025-06-03T16:52:35+00:00","og_image":[{"width":800,"height":800,"url":"https:\/\/diannatura.com\/wp-content\/uploads\/2025\/06\/Shampoo-romero.png","type":"image\/png"}],"twitter_card":"summary_large_image","twitter_misc":{"Tiempo de lectura":"1 minuto"},"schema":{"@context":"https:\/\/schema.org","@graph":[{"@type":"WebPage","@id":"https:\/\/diannatura.com\/?product=shampoo-romero-organico","url":"https:\/\/diannatura.com\/?product=shampoo-romero-organico","name":"SHAMPOO \"ROMERO ORG\u00c1NICO\" - Dian Natura","isPartOf":{"@id":"https:\/\/diannatura.com\/#website"},"primaryImageOfPage":{"@id":"https:\/\/diannatura.com\/?product=shampoo-romero-organico#primaryimage"},"image":{"@id":"https:\/\/diannatura.com\/?product=shampoo-romero-organico#primaryimage"},"thumbnailUrl":"https:\/\/diannatura.com\/wp-content\/uploads\/2025\/06\/Shampoo-romero.png","datePublished":"2025-06-03T16:49:55+00:00","dateModified":"2025-06-03T16:52:35+00:00","breadcrumb":{"@id":"https:\/\/diannatura.com\/?product=shampoo-romero-organico#breadcrumb"},"inLanguage":"es","potentialAction":[{"@type":"ReadAction","target":["https:\/\/diannatura.com\/?product=shampoo-romero-organico"]}]},{"@type":"ImageObject","inLanguage":"es","@id":"https:\/\/diannatura.com\/?product=shampoo-romero-organico#primaryimage","url":"https:\/\/diannatura.com\/wp-content\/uploads\/2025\/06\/Shampoo-romero.png","contentUrl":"https:\/\/diannatura.com\/wp-content\/uploads\/2025\/06\/Shampoo-romero.png","width":800,"height":800},{"@type":"BreadcrumbList","@id":"https:\/\/diannatura.com\/?product=shampoo-romero-organico#breadcrumb","itemListElement":[{"@type":"ListItem","position":1,"name":"Inicio","item":"https:\/\/diannatura.com\/"},{"@type":"ListItem","position":2,"name":"Tienda","item":"https:\/\/diannatura.com\/?page_id=6"},{"@type":"ListItem","position":3,"name":"SHAMPOO &#8220;ROMERO ORG\u00c1NICO&#8221;"}]},{"@type":"WebSite","@id":"https:\/\/diannatura.com\/#website","url":"https:\/\/diannatura.com\/","name":"Dian Natura","description":"","publisher":{"@id":"https:\/\/diannatura.com\/#organization"},"potentialAction":[{"@type":"SearchAction","target":{"@type":"EntryPoint","urlTemplate":"https:\/\/diannatura.com\/?s={search_term_string}"},"query-input":{"@type":"PropertyValueSpecification","valueRequired":true,"valueName":"search_term_string"}}],"inLanguage":"es"},{"@type":"Organization","@id":"https:\/\/diannatura.com\/#organization","name":"Dian Natura","url":"https:\/\/diannatura.com\/","logo":{"@type":"ImageObject","inLanguage":"es","@id":"https:\/\/diannatura.com\/#\/schema\/logo\/image\/","url":"https:\/\/diannatura.com\/wp-content\/uploads\/2023\/04\/logo.png","contentUrl":"https:\/\/diannatura.com\/wp-content\/uploads\/2023\/04\/logo.png","width":4219,"height":3585,"caption":"Dian Natura"},"image":{"@id":"https:\/\/diannatura.com\/#\/schema\/logo\/image\/"}}]}},"jetpack_sharing_enabled":true,"_links":{"self":[{"href":"https:\/\/diannatura.com\/index.php?rest_route=\/wp\/v2\/product\/168","targetHints":{"allow":["GET"]}}],"collection":[{"href":"https:\/\/diannatura.com\/index.php?rest_route=\/wp\/v2\/product"}],"about":[{"href":"https:\/\/diannatura.com\/index.php?rest_route=\/wp\/v2\/types\/product"}],"replies":[{"embeddable":true,"href":"https:\/\/diannatura.com\/index.php?rest_route=%2Fwp%2Fv2%2Fcomments&post=168"}],"wp:featuredmedia":[{"embeddable":true,"href":"https:\/\/diannatura.com\/index.php?rest_route=\/wp\/v2\/media\/169"}],"wp:attachment":[{"href":"https:\/\/diannatura.com\/index.php?rest_route=%2Fwp%2Fv2%2Fmedia&parent=168"}],"wp:term":[{"taxonomy":"product_brand","embeddable":true,"href":"https:\/\/diannatura.com\/index.php?rest_route=%2Fwp%2Fv2%2Fproduct_brand&post=168"},{"taxonomy":"product_cat","embeddable":true,"href":"https:\/\/diannatura.com\/index.php?rest_route=%2Fwp%2Fv2%2Fproduct_cat&post=168"},{"taxonomy":"product_tag","embeddable":true,"href":"https:\/\/diannatura.com\/index.php?rest_route=%2Fwp%2Fv2%2Fproduct_tag&post=168"}],"curies":[{"name":"wp","href":"https:\/\/api.w.org\/{rel}","templated":true}]}}